{"id":29,"date":"2019-03-19T14:29:40","date_gmt":"2019-03-19T13:29:40","guid":{"rendered":"https:\/\/gtxscan.com\/sk\/29-2\/"},"modified":"2021-06-11T11:37:16","modified_gmt":"2021-06-11T09:37:16","slug":"29-2","status":"publish","type":"page","link":"https:\/\/gtxscan.com\/sk\/","title":{"rendered":""},"content":{"rendered":"<div class=\"container\">\n<div class=\"row\">\n<div class=\"entry-content\">\n<h2 style=\"margin-top: 3%;\">GTX \u2013 Alkohol testery pre ka\u017ed\u00e9ho<\/h2>\n<p>Dom\u00e9nou na\u0161ich zariaden\u00ed je elektronika najvy\u0161\u0161ej triedy za dostupn\u00e9 ceny. Alkohol testery GTX boli vybaven\u00e9 inovat\u00edvnymi elektrochemick\u00fdmi a polovodi\u010dov\u00fdmi senzory. Na\u0161e produkty s\u00fa zameran\u00e9 na osobn\u00e9 pou\u017eitie u\u017e\u00edvate\u013eov, ktor\u00ed h\u013eadaj\u00fa rie\u0161enie pre kontrolu triezvosti. Testery GTX s\u00fa vhodn\u00fdm rie\u0161en\u00edm, ak sa chceme uisti\u0165, \u017ee sme triezvi, a nepredstavujeme hrozbu pre seba, na\u0161ich bl\u00edzkych a ostatn\u00fdch \u00fa\u010dastn\u00edkov cestnej prem\u00e1vky.<\/p>\n<\/div>\n<\/div>\n<\/div>\n<div id=\"ScrollPane\" style=\"display:inline-grid;\">\n<div class=\"scr prt horiz\">\n<div class=\"spane\">\n<div class=\"pane\" style=\" \" data-id=\"Horizontal01\">\n<div class=\"ct\" style=\"height: 75vh;\">\n<div class=\"row\" style=\"display: contents;\">\n<div class=\"col-sm-4\">    <img src=\"\/wp-content\/uploads\/2021\/04\/gtxspectrum-slider.png\" style=\"width: 75%;\"><\/div>\n<div class=\"col-sm-5\"style=\"white-space: normal;\nword-wrap: break-word;\ntext-align: justify;padding-right: 5%;\"><br \/>\n<center><img src=\"\/wp-content\/uploads\/2021\/04\/gtx-spectrum-1.png\" style=\"width: 45%;\"> <\/center><\/p>\n<h4 style=\"text-align: justify;\nfont-size: 30px;\nletter-spacing: 5px;\nfont-weight: normal;\">\u0160irok\u00e9 spektrum meran\u00ed<\/h4>\n<p style=\"text-align: justify;\">Spo\u013eahliv\u00e9 zariadenie so \u0161irok\u00fdm spektrom meran\u00ed \u2013 od 0 do 4 promile. Je to elektrochemick\u00fd alkohol tester s platinov\u00fdm \u010didlom, ktor\u00e9 zais\u0165uje vierohodn\u00e9 a presn\u00e9 meranie\u2026<\/p>\n<p> <\/p>\n<p><a href=\"\/gtx-spectrum\/\" class=\"myButton\" style=\"float:right; width:50%; margin-top:11%;\"> V\u00edce informac\u00ed<\/a><\/div>\n<\/p><\/div>\n<\/div><\/div>\n<div class=\"pane an\" style=\" \" data-id=\"Horizontal02\">\n<div class=\"ct\" style=\"height: 75vh;\">\n<div class=\"row\" style=\"display: contents;\">\n<div class=\"col-sm-4\">    <img src=\"\/wp-content\/uploads\/2021\/04\/gtx-slider.png\" style=\"width: 75%;\"><\/div>\n<div class=\"col-sm-5\"style=\"white-space: normal;\nword-wrap: break-word;\ntext-align: justify;padding-right: 5%;\"><br \/>\n<center><img src=\"\/wp-content\/uploads\/2021\/04\/gtxoryginalpng.png\" style=\"width: 45%;\"> <\/center><\/p>\n<h4 style=\"text-align: justify;\nfont-size: 30px;\nletter-spacing: 4px;\nfont-weight: normal;\">Prec\u00edznos\u0165, \u0161t\u00fdl, z\u00e1ruka<\/h4>\n<p style=\"text-align: justify;\">Je skvel\u00fd mix modern\u00e9ho vzh\u013eadu a najnov\u0161ej technol\u00f3gie merania. Hoci je mal\u00fd a ergonomick\u00fd, m\u00e1 obrovsk\u00fd potenci\u00e1l a kvalitu\u2026  <\/p>\n<p> <\/p>\n<p><a href=\"\/gtx-spectrum\/\" class=\"myButton\" style=\"float:right; width:50%; margin-top:11%;\"> V\u00edce informac\u00ed<\/a><\/div>\n<\/p><\/div>\n<\/div>\n<\/div>\n<div class=\"pane an\" style=\"\" data-id=\"Horizontal03\">\n<div class=\"ct\" style=\"height: 75vh;\">\n<div class=\"row\" style=\"display: contents;\">\n<div class=\"col-sm-4\">    <img src=\"\/wp-content\/uploads\/2021\/04\/gtxsmart-slider.png\" style=\"width: 75%;\"><\/div>\n<div class=\"col-sm-5\"style=\"white-space: normal;\nword-wrap: break-word;\ntext-align: justify;padding-right: 5%;\"><br \/>\n<center><img src=\"\/wp-content\/uploads\/2021\/04\/gtxsmart.png\" style=\"width: 45%;\"><\/center> <\/p>\n<h4 style=\"text-align: justify;\nfont-size: 30px;\nletter-spacing: 3px;\nfont-weight: normal;\">High quality and accuracy<\/h4>\n<p style=\"text-align: justify;\">Je \u00fa\u010dinn\u00fd alkohol tester premyslen\u00fd v ka\u017edom detaile. Ako n\u00e1zov napoved\u00e1, poskytuje chytr\u00fa (smart) prev\u00e1dzku. Samotn\u00fd alkohol tester kontroluje spr\u00e1vnos\u0165 merania triezvosti, vlastn\u00fa prev\u00e1dzku a stav bat\u00e9ri\u00ed\u2026<\/p>\n<p> <\/p>\n<p style=\"text-align: center;\"><b>Oprava<\/b><br \/>Na krabici dychov\u00e9ho analyz\u00e1tora GTX Smart bola omylom uveden\u00e1 krajina p\u00f4vodu K\u00f3rea. GTX Smart sa vyr\u00e1ba v \u010c\u00edne.<\/p>\n<p><a href=\"\/gtx-spectrum\/\" class=\"myButton\" style=\"float:right; width:50%; margin-top:3%;\"> V\u00edce informac\u00ed<\/a><\/div>\n<\/p><\/div>\n<\/div>\n<\/div>\n<div class=\"scrolldown\">\n<section id=\"section10\" class=\"demo\">\n<p>\t<a href=\"#thanks\"><span><\/span> <\/a><\/p>\n<p style=\"padding-top: 24%;\">zvitok<\/p>\n<\/section>\n<\/div><\/div>\n<\/div>\n<\/div>\n<\/div>\n","protected":false},"excerpt":{"rendered":"<p>GTX \u2013 Alkohol testery pre ka\u017ed\u00e9ho Dom\u00e9nou na\u0161ich zariaden\u00ed je elektronika najvy\u0161\u0161ej triedy za dostupn\u00e9 ceny. Alkohol testery GTX [&hellip;]<\/p>\n","protected":false},"author":5,"featured_media":0,"parent":0,"menu_order":0,"comment_status":"closed","ping_status":"open","template":"template-fullwide.php","meta":[],"_links":{"self":[{"href":"https:\/\/gtxscan.com\/sk\/wp-json\/wp\/v2\/pages\/29"}],"collection":[{"href":"https:\/\/gtxscan.com\/sk\/wp-json\/wp\/v2\/pages"}],"about":[{"href":"https:\/\/gtxscan.com\/sk\/wp-json\/wp\/v2\/types\/page"}],"author":[{"embeddable":true,"href":"https:\/\/gtxscan.com\/sk\/wp-json\/wp\/v2\/users\/5"}],"replies":[{"embeddable":true,"href":"https:\/\/gtxscan.com\/sk\/wp-json\/wp\/v2\/comments?post=29"}],"version-history":[{"count":17,"href":"https:\/\/gtxscan.com\/sk\/wp-json\/wp\/v2\/pages\/29\/revisions"}],"predecessor-version":[{"id":339,"href":"https:\/\/gtxscan.com\/sk\/wp-json\/wp\/v2\/pages\/29\/revisions\/339"}],"wp:attachment":[{"href":"https:\/\/gtxscan.com\/sk\/wp-json\/wp\/v2\/media?parent=29"}],"curies":[{"name":"wp","href":"https:\/\/api.w.org\/{rel}","templated":true}]}}