{"id":23,"date":"2019-03-20T10:49:09","date_gmt":"2019-03-20T09:49:09","guid":{"rendered":"https:\/\/gtxscan.com\/sk\/kontakt\/"},"modified":"2021-05-06T09:42:00","modified_gmt":"2021-05-06T07:42:00","slug":"kontakt","status":"publish","type":"page","link":"https:\/\/gtxscan.com\/sk\/kontakt\/","title":{"rendered":"CONTACT"},"content":{"rendered":"<div class=\"onas\">\n<div class=\"container\">\n<div class=\"row\">\n<div class=\"col-lg-5 col-md-12\" style=\"margin-top: 5%;\">\n<hr style=\"width: 17%; margin-left: 19%; border-top: 3px dotted #F42D2E8A; height: 0; margin-bottom: 3px;\">\n<hr style=\"width: 19%; margin-left: 22%; border-top: 3px dotted #F42D2E8A; margin-top: 0px; margin-bottom: 3px;\">\n<h1 style=\"padding: 0px; margin: 0px;\">Kontakt<\/h1>\n<hr style=\"width: 17%; margin-left: 0%; border-top: 3px dotted #F42D2E8A; height: 0; margin-bottom: 3px; margin-top: 0px;\">\n<hr style=\"width: 18%; margin-left: 3%; border-top: 3px dotted #F42D2E8A; margin-top: 0px; margin-bottom: 3px;\">\n<div class=\"fotocontact\"><img class=\"d-block w-100\" src=\"\/wp-content\/uploads\/2021\/04\/kontakt.png\">\n<\/div>\n<\/div>\n<div class=\"col-lg-7 col-md-12\" style=\"margin-top: 12%;\">\n<h3 style=\"padding: 0px; margin: 0px;text-align:center;\">\u010cesk\u00e1 republika <\/h3>\n<hr style=\"width: 31%; margin-left: 31%; border-top: 3px dotted #F42D2E8A; height: 0; margin-bottom: 3px; margin-top: 3px;\">\n<hr style=\"width: 34%; margin-left: 39%; border-top: 3px dotted #F42D2E8A; margin-top: 0px; margin-bottom: 3px;\">\n<h6 style=\"padding-top:10%;text-align:center;\">Pobo\u010dka Praha<\/h6>\n<p style=\"text-align:center;\">\nWork and Road Safety Corporation s.r.o.<br \/>\nKolbenova 610\/26<br \/>\n19000 Praha 9 &#8211; Vyso\u010dany<br \/>\nI\u010c: CZ05562686<br \/>\n+420 774 411 547<br \/>\n+420 608 003 676<br \/>\ne-mail: info@warscorp.cz<\/p>\n<\/div>\n<\/div>\n<\/div>\n<\/div>\n<p style=\"min-height: 400px;\">\n","protected":false},"excerpt":{"rendered":"<p>Kontakt \u010cesk\u00e1 republika Pobo\u010dka Praha Work and Road Safety Corporation s.r.o. Kolbenova 610\/26 19000 Praha 9 &#8211; Vyso\u010dany I\u010c: [&hellip;]<\/p>\n","protected":false},"author":5,"featured_media":0,"parent":0,"menu_order":0,"comment_status":"closed","ping_status":"closed","template":"","meta":[],"_links":{"self":[{"href":"https:\/\/gtxscan.com\/sk\/wp-json\/wp\/v2\/pages\/23"}],"collection":[{"href":"https:\/\/gtxscan.com\/sk\/wp-json\/wp\/v2\/pages"}],"about":[{"href":"https:\/\/gtxscan.com\/sk\/wp-json\/wp\/v2\/types\/page"}],"author":[{"embeddable":true,"href":"https:\/\/gtxscan.com\/sk\/wp-json\/wp\/v2\/users\/5"}],"replies":[{"embeddable":true,"href":"https:\/\/gtxscan.com\/sk\/wp-json\/wp\/v2\/comments?post=23"}],"version-history":[{"count":3,"href":"https:\/\/gtxscan.com\/sk\/wp-json\/wp\/v2\/pages\/23\/revisions"}],"predecessor-version":[{"id":221,"href":"https:\/\/gtxscan.com\/sk\/wp-json\/wp\/v2\/pages\/23\/revisions\/221"}],"wp:attachment":[{"href":"https:\/\/gtxscan.com\/sk\/wp-json\/wp\/v2\/media?parent=23"}],"curies":[{"name":"wp","href":"https:\/\/api.w.org\/{rel}","templated":true}]}}