{"id":19,"date":"2019-03-20T10:53:50","date_gmt":"2019-03-20T09:53:50","guid":{"rendered":"https:\/\/gtxscan.com\/sk\/o-nas\/"},"modified":"2021-05-06T09:47:56","modified_gmt":"2021-05-06T07:47:56","slug":"o-nas","status":"publish","type":"page","link":"https:\/\/gtxscan.com\/sk\/o-nas\/","title":{"rendered":"ABOUT NAS"},"content":{"rendered":"<div class=\"onas\">\n<div class=\"container\">\n<div class=\"row\">\n<div class=\"col-lg-8 col-md-12\" style=\"    margin-top: 10%;\n    border-right: 1px solid #d32c2d;\n\"><\/p>\n<hr style=\"width: 12%;margin-left: 4%;border-top: 3px dotted  #F42D2E8A;height: 0;margin-bottom: 3px;\">\n<hr style=\"width: 12%;margin-left: 6%;border-top: 3px dotted  #F42D2E8A;margin-top: 0px;margin-bottom: 3px;\">\n<h1 style=\"padding: 0px;\nmargin: 0px;\"> O n\u00e1s<\/h1>\n<hr style=\"width: 12%;margin-left: 0%;border-top: 3px dotted  #F42D2E8A;height: 0;margin-bottom: 3px;margin-top: 0px;\">\n<hr style=\"width: 12%;margin-left: 3%;border-top: 3px dotted  #F42D2E8A;margin-top: 0px;margin-bottom: 3px;\">\n<p style=\"padding-top:5%;\">\n<p>\t\tGTX s\u00fa alkohol testery pre ka\u017ed\u00e9ho. Dom\u00e9nou na\u0161ich zariaden\u00ed je elektronika najvy\u0161\u0161ej triedy za dostupn\u00e9 ceny. Alkohol testery GTX boli vybaven\u00e9 inovat\u00edvnymi elektrochemick\u00fdmi a polovodi\u010dov\u00fdmi senzory.<\/p>\n<p><\/br><\/p>\n<p> Na\u0161e produkty s\u00fa zameran\u00e9 na osobn\u00e9 pou\u017eitie u\u017e\u00edvate\u013eov, ktor\u00ed h\u013eadaj\u00fa rie\u0161enie pre kontrolu triezvosti. Testery GTX s\u00fa vhodn\u00fdm rie\u0161en\u00edm, ak sa chceme uisti\u0165, \u017ee sme triezvi, a nepredstavujeme hrozbu pre seba, na\u0161ich bl\u00edzkych a ostatn\u00fdch \u00fa\u010dastn\u00edkov cestnej prem\u00e1vky.<\/p>\n<p>\t\t<\/br><\/p>\n<p><strong> Alkohol testery zna\u010dky GTX z\u00edskali nieko\u013eko certifik\u00e1tov potvrdzuj\u00facich ich spo\u013eahlivos\u0165: CE, PZH, Alkotester Laboratorium a \u010fal\u0161ie. GTX je nov\u00e1 kvalita v detekcii alkoholu!<\/strong><\/p>\n<hr style=\"width: 12%;margin-right: 8%;border-top: 3px dotted  #F42D2E8A;height: 0;margin-bottom: 3px;margin-top: 36px;float: right;\">\n<\/p>\n<hr style=\"width: 12%;margin-right: -16%;border-top: 3px dotted  #F42D2E8A;height: 0;margin-bottom: 3px;margin-top: 22px;float: right;\">\n\t\t<\/div>\n<div class=\"col-lg-4 col-md-12\">\n<div id=\"carouselExampleIndicators\" class=\"carousel slide carousel-fade\" data-ride=\"carousel\" data-interval=\"5000\" style=\"position: fixed;\nz-index: 1;\nright: 0px;\nwidth: 27%;\"><\/p>\n<div class=\"carousel-inner\">\n<div class=\"carousel-item active\">\n      <img class=\"d-block w-100\" src=\"\/wp-content\/uploads\/2021\/04\/gtx.png\" alt=\"First slide\">\n    <\/div>\n<div class=\"carousel-item\">\n      <img class=\"d-block w-100\" src=\"\/wp-content\/uploads\/2021\/04\/gtx-smart.png\" alt=\"Second slide\">\n    <\/div>\n<div class=\"carousel-item\">\n      <img class=\"d-block w-100\" src=\"\/wp-content\/uploads\/2021\/04\/gtx-spectrum.png\" alt=\"Third slide\">\n    <\/div>\n<\/p><\/div>\n<\/div><\/div>\n<\/p><\/div>\n<\/div>\n<p style=\"min-height:400px;\">\n<\/div>\n","protected":false},"excerpt":{"rendered":"<p>O n\u00e1s GTX s\u00fa alkohol testery pre ka\u017ed\u00e9ho. Dom\u00e9nou na\u0161ich zariaden\u00ed je elektronika najvy\u0161\u0161ej triedy za dostupn\u00e9 ceny. Alkohol [&hellip;]<\/p>\n","protected":false},"author":5,"featured_media":0,"parent":0,"menu_order":0,"comment_status":"closed","ping_status":"closed","template":"","meta":[],"_links":{"self":[{"href":"https:\/\/gtxscan.com\/sk\/wp-json\/wp\/v2\/pages\/19"}],"collection":[{"href":"https:\/\/gtxscan.com\/sk\/wp-json\/wp\/v2\/pages"}],"about":[{"href":"https:\/\/gtxscan.com\/sk\/wp-json\/wp\/v2\/types\/page"}],"author":[{"embeddable":true,"href":"https:\/\/gtxscan.com\/sk\/wp-json\/wp\/v2\/users\/5"}],"replies":[{"embeddable":true,"href":"https:\/\/gtxscan.com\/sk\/wp-json\/wp\/v2\/comments?post=19"}],"version-history":[{"count":6,"href":"https:\/\/gtxscan.com\/sk\/wp-json\/wp\/v2\/pages\/19\/revisions"}],"predecessor-version":[{"id":225,"href":"https:\/\/gtxscan.com\/sk\/wp-json\/wp\/v2\/pages\/19\/revisions\/225"}],"wp:attachment":[{"href":"https:\/\/gtxscan.com\/sk\/wp-json\/wp\/v2\/media?parent=19"}],"curies":[{"name":"wp","href":"https:\/\/api.w.org\/{rel}","templated":true}]}}