{"id":17,"date":"2019-03-20T11:00:17","date_gmt":"2019-03-20T10:00:17","guid":{"rendered":"https:\/\/gtxscan.com\/sk\/kalibracja\/"},"modified":"2021-05-27T15:41:56","modified_gmt":"2021-05-27T13:41:56","slug":"kalibracja","status":"publish","type":"page","link":"https:\/\/gtxscan.com\/sk\/kalibracja\/","title":{"rendered":"CALIBRATION"},"content":{"rendered":"<div id=\"ScrollPane\" style=\"background-image: url(\/wp-content\/uploads\/2021\/04\/onas.png);\">\n<div class=\"scr prt tab\">\n<div class=\"left spane\">\n<div class=\"pane\" style=\" \" data-id=\"Vertical01\">\n<div class=\"ct\">\n<div class=\"col-sm-10\" style=\"white-space: normal;\nword-wrap: break-word;\ntext-align: justify;\"><\/p>\n<h4 style=\"text-align: justify;\nfont-size: 30px;\nletter-spacing: 4px;\nfont-weight: normal;\">Kalibr\u00e1cia<\/h4>\n<p style=\"text-align: justify;\">Kalibr\u00e1cia je kontrolno-optimaliza\u010dn\u00fd proces konfiguruj\u00faci softv\u00e9r alkohol testeru. Ka\u017ed\u00fd alkohol tester a senzor podliehaj\u00fa be\u017en\u00e9mu opotrebovaniu, preto po ur\u010ditej dobe prest\u00e1va zariadenie spr\u00e1vne vyhodnocova\u0165 v\u00fdsledky<\/p>\n<p>\n<\/br><\/p>\n<p style=\"text-align: justify;\">Kalibr\u00e1cia alkohol testerov sa vykon\u00e1va v na\u0161om laborat\u00f3riu. Po\u010das tohto procesu, v\u010faka \u0161pecializovan\u00e9mu kalibra\u010dn\u00e9mu vybaveniu, s\u00fa nastaven\u00e9 vzorov\u00e9 meracie hodnoty. V\u010faka kalibr\u00e1cii, m\u00e1te istotu, \u017ee alkohol tester vyhodnocuje v\u00fdsledky spr\u00e1vne.<\/p>\n<p><\/br><br \/>\n<strong> <br \/> Mysl\u00edte si, \u017ee V\u00e1\u0161 alkohol tester vy\u017eaduje servis?<br \/>\nPomocou formul\u00e1ra m\u00f4\u017eete r\u00fdchlo a pohodlne nahl\u00e1si\u0165<br \/>\nalkoholtester na opravu alebo kalibr\u00e1ciu. <\/strong><br \/>\nU\u017e teraz m\u00f4\u017eete prihl\u00e1si\u0165 svoj alkohol tester na kalibr\u00e1ciu pomocou online formul\u00e1ra.<br \/>\nAko to funguje: <\/p>\n<\/div><\/div>\n<div class=\"scrolldown\" style=\"position:absolute;\">\n<section id=\"section10\" class=\"demo\">\n<p>\t<a href=\"#thanks\"><span><\/span> <\/a><\/p>\n<p style=\"padding-top: 24%;\">zvitok<\/p>\n<\/section>\n<\/div>\n<\/div>\n<div class=\"pane an\" style=\" \" data-id=\"Vertical02\">\n<div class=\"ct\">\n<div class=\"col-sm-10\" style=\"white-space: normal;\nword-wrap: break-word;\ntext-align: justify;\"><\/p>\n<h4 style=\"padding: 0px;\nargin: 0px;\">\t\t<i class=\"fa fa-plus\" aria-hidden=\"true\" style=\"color:#c11728;font-size: 134%;padding-top: 5%;\"><\/i> krok 1<\/h4>\n<p style=\"padding-left: 4%;\">Alkohol testery GTX zak\u00fapen\u00e9 po\u010das posledn\u00fdch 12 mesiacov k n\u00e1m odo\u0161lite zadarmo pomocou slu\u017eby <a href=\"https:\/\/www.zasielkovna.sk\/\"> https:\/\/www.zasielkovna.sk\/  <\/a><\/p>\n<h4 style=\"padding: 0px;\nargin: 0px;\">\t\t<i class=\"fa fa-plus\" aria-hidden=\"true\" style=\"color:#c11728;font-size: 134%;padding-top: 5%;\"><\/i> krok 2<\/h4>\n<p style=\"padding-left: 4%;\">Z\u00e1sielky v\u0161ak m\u00f4\u017eete zasla\u0165 aj akoko\u013evek inak na Va\u0161e n\u00e1klady na adresu uveden\u00fa v kontakte np. pomocou \u010ceskej \u010di slovensk\u00e9 po\u0161ty, kuri\u00e9rskych spolo\u010dnost\u00ed, DPD, GEIS, PPL a \u010fal\u0161\u00edch.\n<\/p>\n<h4 style=\"padding: 0px;\nargin: 0px;\">\t\t<i class=\"fa fa-plus\" aria-hidden=\"true\" style=\"color:#c11728;font-size: 134%;padding-top: 5%;\"><\/i> krok 3<\/h4>\n<p style=\"padding-left: 4%;\">Bezpe\u010dne zaba\u013ete: Alkohol tester, K\u00f3piu n\u00e1kupn\u00e9ho dokladu (v pr\u00edpade kalibr\u00e1cie zadarmo po\u010das prv\u00fdch 12 mesiacov), Va\u0161e kontaktn\u00e9 \u00fadaje, telef\u00f3nne \u010d\u00edslo, email, Identifik\u00e1tor pobo\u010dky alebo adresu pobo\u010dky Z\u00e1silkovna, na ktor\u00fa si prajete z\u00e1sielku sp\u00e4\u0165 doru\u010di\u0165.<\/p>\n<\/div>\n<\/div>\n<div class=\"scrolldown\" style=\"position:absolute;\">\n<section id=\"section10\" class=\"demo\">\n<p>\t<a href=\"#thanks\"><span><\/span> <\/a><\/p>\n<p style=\"padding-top: 24%;\">Scroll<\/p>\n<\/section>\n<\/div>\n<\/div>\n<div class=\"pane an\" style=\"background-image: url(\/wp-content\/uploads\/2021\/04\/onas.png);\" data-id=\"Vertical03\">\n<div class=\"ct\">\n<div class=\"col-sm-10\" style=\"white-space: normal;\nword-wrap: break-word;\ntext-align: justify;\"><\/p>\n<h4 style=\"padding: 0px;\nargin: 0px;\">\t\t<i class=\"fa fa-plus\" aria-hidden=\"true\" style=\"color:#c11728;font-size: 134%;padding-top: 5%;\"><\/i> krok 4<\/h4>\n<p style=\"padding-left: 4%;\">Takto pripraven\u00fa z\u00e1sielku prineste na ktor\u00e9ko\u013evek podacie miesto Z\u00e1silkovna a nadiktuje obsluhe k\u00f3d \/ identifik\u00e1tor: 96370480<br \/>\nO ostatn\u00e9 sa u\u017e postar\u00e1me my!Zoznam pobo\u010diek Z\u00e1sielkovn\u011b: https:\/\/www.zasielkovna.sk\/ <\/p>\n<h4 style=\"padding: 0px;\nargin: 0px;\">\t\t<i class=\"fa fa-plus\" aria-hidden=\"true\" style=\"color:#c11728;font-size: 134%;padding-top: 5%;\"><\/i> krok 5<\/h4>\n<p style=\"padding-left: 4%;\">Kalibrovan\u00fd dychov\u00fd analyz\u00e1tor v\u00e1m za\u0161leme sp\u00e4\u0165 so spr\u00e1vou kalibr\u00e1cia do 7-14 pracovn\u00fdch dn\u00ed. O z\u00e1sielke v\u00e1s budeme informova\u0165 aj prostredn\u00edctvom SMS.<\/p>\n<\/p>\n<\/div>\n<\/div>\n<div class=\"scrolldown\" style=\"position:absolute;\">\n<section id=\"section10\" class=\"demo\">\n<p>\t<a href=\"#thanks\"><span><\/span> <\/a><\/p>\n<p style=\"padding-top: 24%;\">Scroll<\/p>\n<\/section>\n<\/div><\/div>\n<\/div><\/div>\n<div class=\"right scrzone\" style=\"\">\n<div class=\"ct\">\n<div class=\"col-sm-8\" style=\"white-space: normal;\nword-wrap: break-word;\ntext-align: justify;\"><br \/>\n<img src=\"\/wp-content\/uploads\/2021\/04\/kalibracja.png\"><br \/>\n<a href=\"#\" class=\"myButton\">Nahl\u00e1ste zariadenie online <\/a>\n<\/div>\n<\/div>\n<\/div><\/div>\n","protected":false},"excerpt":{"rendered":"<p>Kalibr\u00e1cia Kalibr\u00e1cia je kontrolno-optimaliza\u010dn\u00fd proces konfiguruj\u00faci softv\u00e9r alkohol testeru. Ka\u017ed\u00fd alkohol tester a senzor podliehaj\u00fa be\u017en\u00e9mu opotrebovaniu, preto po [&hellip;]<\/p>\n","protected":false},"author":5,"featured_media":0,"parent":0,"menu_order":0,"comment_status":"closed","ping_status":"closed","template":"","meta":[],"_links":{"self":[{"href":"https:\/\/gtxscan.com\/sk\/wp-json\/wp\/v2\/pages\/17"}],"collection":[{"href":"https:\/\/gtxscan.com\/sk\/wp-json\/wp\/v2\/pages"}],"about":[{"href":"https:\/\/gtxscan.com\/sk\/wp-json\/wp\/v2\/types\/page"}],"author":[{"embeddable":true,"href":"https:\/\/gtxscan.com\/sk\/wp-json\/wp\/v2\/users\/5"}],"replies":[{"embeddable":true,"href":"https:\/\/gtxscan.com\/sk\/wp-json\/wp\/v2\/comments?post=17"}],"version-history":[{"count":12,"href":"https:\/\/gtxscan.com\/sk\/wp-json\/wp\/v2\/pages\/17\/revisions"}],"predecessor-version":[{"id":119,"href":"https:\/\/gtxscan.com\/sk\/wp-json\/wp\/v2\/pages\/17\/revisions\/119"}],"wp:attachment":[{"href":"https:\/\/gtxscan.com\/sk\/wp-json\/wp\/v2\/media?parent=17"}],"curies":[{"name":"wp","href":"https:\/\/api.w.org\/{rel}","templated":true}]}}