{"id":15,"date":"2019-03-20T11:00:48","date_gmt":"2019-03-20T10:00:48","guid":{"rendered":"https:\/\/gtxscan.com\/sk\/gtx\/"},"modified":"2021-05-26T14:20:12","modified_gmt":"2021-05-26T12:20:12","slug":"gtx","status":"publish","type":"page","link":"https:\/\/gtxscan.com\/sk\/gtx\/","title":{"rendered":"GTX"},"content":{"rendered":"<div id=\"ScrollPane\" style=\"display:inline-grid;\">\n<div class=\"scr prt horiz\">\n<div class=\"spane\">\n<div class=\"pane\" style=\" \" data-id=\"Horizontal01\">\n<div class=\"ct\">\n<div class=\"row\" style=\"display: contents;\">\n<div class=\"col-sm-5\">    <img src=\"\/wp-content\/uploads\/2021\/04\/gtx-1.png\" style=\"width: 75%;\"><\/div>\n<div class=\"col-sm-5\"style=\"white-space: normal;\nword-wrap: break-word;\ntext-align: justify;\"><br \/>\n<img src=\"\/wp-content\/uploads\/2021\/04\/gtxoryginalpng.png\" style=\"width: 45%;\"> <\/p>\n<div class=\"hidden-lg\">\n<h4 style=\"text-align: left;\nfont-size: 27px;\nfont-weight: normal;\">Vysok\u00e1 kvalita a p\u0159esnost<\/h4>\n<\/div>\n<div class=\"visible-lg\">\n<h4 style=\"text-align: justify;\nfont-size: 30px;\nletter-spacing: 4px;\nfont-weight: normal;\">Prec\u00edznos\u0165, \u0161t\u00fdl, z\u00e1ruka<\/h4>\n<\/div>\n<p style=\"text-align: justify;\">Je skvel\u00fd mix modern\u00e9ho vzh\u013eadu a najnov\u0161ej technol\u00f3gie merania. Hoci je mal\u00fd a ergonomick\u00fd, m\u00e1 obrovsk\u00fd potenci\u00e1l a kvalitu. \u0160t\u00fdlov\u00e9 telo z odoln\u00e9ho plastu skr\u00fdva vysoko kvalitn\u00e9 komponenty a stabiln\u00fd elektrochemick\u00fd senzor pre presn\u00e9v\u00fdsledky v \u0161irokom rozsahu merania (od 0 do 4 promile) s n\u00edzkou chybou. V\u00fdsledky s\u00fa zobrazen\u00e9 na jasnom displeji zariadenia.<\/p>\n<p> <\/p>\n<\/div><\/div>\n<\/div>\n<div class=\"scrolldown\">\n<section id=\"section10\" class=\"demo\">\n<p>\t<a href=\"#thanks\"><span><\/span> <\/a><\/p>\n<p style=\"padding-top: 24%;\">zvitok<\/p>\n<\/section>\n<\/div><\/div>\n<div class=\"pane an\" style=\" \" data-id=\"Horizontal02\">\n<div class=\"ct\">\n<div class=\"col-md-5 col-12 order-md-1 order-2\" style=\"white-space: normal;\nword-wrap: break-word;\ntext-align: justify;\"> <\/p>\n<h4 style=\"text-align: center;\"><\/h4>\n<hr style=\"width: 12%;margin-left: 4%;border-top: 3px dotted  #F42D2E8A;height: 0;margin-bottom: 3px;\">\n<hr style=\"width: 12%;margin-left: 6%;border-top: 3px dotted  #F42D2E8A;margin-top: 0px;margin-bottom: 3px;\">\n\t\t\t\t   <img src=\"\/wp-content\/uploads\/2021\/04\/prawy-1.png\" class=\"mx-auto\" alt=\"slide\" style=\"width: 26%;float:right;margin: -3%;\"><\/p>\n<p style=\"text-align: justify;\">Alkohol tester kontroluje spr\u00e1vnost proveden\u00e9ho m\u011b\u0159en\u00ed st\u0159\u00edzlivosti a kontroluje spr\u00e1vnost vlastn\u00ed funkcionality.<br \/>\nAlkohol tester je p\u0159ed zabalen\u00edm kalibrov\u00e1n a je tak p\u0159ipraven k pou\u017eit\u00ed ihned po vyjmut\u00ed z krabice Zahrnuty jsou tak\u00e9 hygienick\u00e9 n\u00e1ustky pro v\u00edcen\u00e1sobn\u00e9 pou\u017eit\u00ed za\u0159\u00edzen\u00ed n\u011bkolika lidmi.<\/br><\/p>\n<p><\/p>\n<hr style=\"width: 12%;margin-left: 6%;border-top: 3px dotted  #F42D2E8A;margin-top: 0px;margin-bottom: 3px;float:right;margin-right:10px;\"><\/p>\n<hr style=\"width: 12%;margin-left: 6%;border-top: 3px dotted  #F42D2E8A;margin-top: -13px;margin-bottom: 3px;float:right;\">\n<p><center>\t\t<\/p>\n<p><img src=\"\/wp-content\/uploads\/2021\/04\/plus-opis-bottom.png\" class=\"mx-auto\" style=\"width: 7%;float: left;\">\n\t\t\t<\/p>\n<p><\/center><\/div>\n<div class=\"col-md-5 col-12 order-md-2 order-1\">\n\t\t\t          <img src=\"\/wp-content\/uploads\/2021\/04\/opis_gtx.png\" class=\"mx-auto\" alt=\"slide\" style=\"width: 89%;\">\n\t\t <\/div>\n<\/div>\n<\/div>\n<div class=\"pane an\" style=\"\" data-id=\"Horizontal03\">\n<div class=\"ct\">\n<div class=\"col-md-5 col-12 order-md-1 order-2\" style=\"white-space: pre-wrap;\nword-wrap: break-word;\">  <\/p>\n<h4 style=\"text-align: center;\">Kalibrace<\/h4>\n<hr style=\"width: 12%;margin-left: 4%;border-top: 3px dotted  #F42D2E8A;height: 0;margin-bottom: -17px;\">\n<hr style=\"width: 12%;margin-left: 6%;border-top: 3px dotted  #F42D2E8A;margin-top: 0px;margin-bottom: -16px;\">\n\t\t\t\t   <img src=\"\/wp-content\/uploads\/2021\/04\/plus-opis.png\" class=\"mx-auto\" alt=\"slide\" style=\"width: 26%;float:left;\"><\/p>\n<p style=\"text-align: justify;\">Kalibr\u00e1cia je pojem nerozlu\u010dne sp\u00e4t\u00fd s ka\u017ed\u00fdm alkohol testerom.Znamen\u00e1 to, \u017ee ka\u017ed\u00fdch 12 mesiacov alebo ka\u017ed\u00fdch 500 meran\u00ed je potreba alkohol tester nakonfigurova\u0165 tak, aby spr\u00e1vne vyhodnocoval v\u00fdsledky pomaly sa opotrebov\u00e1vaj\u00faceho sa senzoru.<\/p>\n<hr style=\"width: 12%;margin-left: 4%;border-top: 3px dotted  #F42D2E8A;height: 0;margin-bottom: -16px;\">\n<hr style=\"width: 12%;margin-left: 6%;border-top: 3px dotted  #F42D2E8A;margin-top: 0px;margin-bottom: 3px;\">\n<p style=\"text-align: center;\"><b>\tMysl\u00edte si, \u017ee V\u00e1\u0161 alkohol tester vy\u017eaduje servis?<br \/>\n<\/br> Pomocou formul\u00e1ra m\u00f4\u017eete r\u00fdchlo a pohodlne nahl\u00e1si\u0165<br \/>\nalkoholtester na opravu alebo kalibr\u00e1ciu.  <\/b><\/p>\n<\/p>\n<p><center><br \/>\n             <a href=\"\/gtx\/\" class=\"myButton\" style=\"width:50%; margin-top:0%;\">   Nahl\u00e1ste zariadenie online <\/a><\/p>\n<p><img src=\"\/wp-content\/uploads\/2021\/04\/plus-opis-bottom.png\" class=\"mx-auto\" style=\"width: 7%;float: left;\">\n\t\t\t<\/p>\n<p><\/center><\/div>\n<div class=\"col-md-5 col-12 order-md-2 order-1\" style=\"white-space: pre-wrap;\nword-wrap: break-word;\"><br \/>\n\t\t\t          <img src=\"\/wp-content\/uploads\/2021\/04\/kalibracja_gtx.png\" class=\"mx-auto\" alt=\"slide\" style=\"width: 89%;\">\n\t\t <\/div>\n<\/div>\n<\/div>\n<div class=\"pane an\" style=\" \" data-id=\"Horizontal04\">\n<div class=\"hidden-lg\"> <\/br><\/p>\n<h4 style=\"text-align: center;\nfont-size: 27px;\n\nfont-weight: normal;\">Materi\u00e1ly ke sta\u017een\u00ed <\/h4>\n<\/div>\n<div class=\"ct\">\n<div class=\"row\" style=\"display: contents;\">\n<div class=\"col-md-5 col-12 order-md-1 order-2\" style=\"white-space: normal;\nword-wrap: break-word;\ntext-align: justify;\">  <\/p>\n<p>         <img src=\"\/wp-content\/uploads\/gtx\/eu\/download.png\" class=\"mx-auto\" alt=\"slide\" style=\"width: 89%;\">\n\t\t\t<\/p>\n<\/div>\n<div class=\"col-md-5 col-12 order-md-2 order-1 \"style=\"white-space: normal;\nword-wrap: break-word;\ntext-align: justify;\">  <\/p>\n<div class=\"visible-lg\">\n<h4 style=\"text-align: center;\">Materi\u00e1ly na stiahnutie   <\/h4>\n<\/div>\n<p style=\"font-size: 19px;\"><i class=\"fa fa-download\" aria-hidden=\"true\" style=\"padding:4%;font-size: 23px;\"><\/i><a href=\"\/wp-content\/uploads\/gtx\/gtxoriginalmultilang.pdf\" style=\"color:#000;\"> pou\u010denie <\/a>   <\/p>\n<\/p>\n<\/div><\/div>\n<\/div><\/div>\n<div class=\"pane an\" style=\" \" data-id=\"Horizontal05\">\n<div class=\"ct\">\n<div class=\"hidden-lg\"> <\/br><\/p>\n<h4 style=\"text-align: center;\nfont-size: 30px;\n\nfont-weight: normal;\"><\/br><\/br>sada obsahuje <\/p>\n<\/h4>\n<\/div>\n<div class=\"row\" style=\"display: contents;\">\n<div class=\"col-md-12 col-12 order-md-1 order-2\" style=\"white-space: normal;\nword-wrap: break-word;\ntext-align: justify;\">  <\/p>\n<p>        <img src=\"\/wp-content\/uploads\/gtx\/sk\/sada.png\" class=\"mx-auto\" alt=\"slide\" style=\"width:93%;\">\n\t\t\t<\/p>\n<\/div><\/div>\n<\/div>\n<\/div>\n<div class=\"pane an\" style=\" \" data-id=\"Horizontal06\">\n<div class=\"ct\">\n<div class=\"hidden-lg\"> <\/br><\/p>\n<h4 style=\"text-align: center;\nfont-size: 30px;\n\nfont-weight: normal;\"><\/br><\/br>Technick\u00e9 \u0161pecifik\u00e1cie<\/p>\n<\/h4>\n<\/div>\n<div class=\"row\" style=\"display: contents;\">\n<div class=\"col-md-12 col-12 order-md-1 order-2\" style=\"white-space: normal;\nword-wrap: break-word;\ntext-align: justify;\">  <\/p>\n<p>        <img src=\"\/wp-content\/uploads\/gtx\/sk\/spec.png\" class=\"mx-auto\" alt=\"slide\" style=\"width: %;\">\n\t\t\t<\/p>\n<\/div><\/div>\n<\/div>\n<\/div><\/div>\n<\/div>\n<\/div>\n<\/div>\n","protected":false},"excerpt":{"rendered":"<p>Vysok\u00e1 kvalita a p\u0159esnost Prec\u00edznos\u0165, \u0161t\u00fdl, z\u00e1ruka Je skvel\u00fd mix modern\u00e9ho vzh\u013eadu a najnov\u0161ej technol\u00f3gie merania. Hoci je mal\u00fd [&hellip;]<\/p>\n","protected":false},"author":5,"featured_media":0,"parent":0,"menu_order":0,"comment_status":"closed","ping_status":"closed","template":"","meta":[],"_links":{"self":[{"href":"https:\/\/gtxscan.com\/sk\/wp-json\/wp\/v2\/pages\/15"}],"collection":[{"href":"https:\/\/gtxscan.com\/sk\/wp-json\/wp\/v2\/pages"}],"about":[{"href":"https:\/\/gtxscan.com\/sk\/wp-json\/wp\/v2\/types\/page"}],"author":[{"embeddable":true,"href":"https:\/\/gtxscan.com\/sk\/wp-json\/wp\/v2\/users\/5"}],"replies":[{"embeddable":true,"href":"https:\/\/gtxscan.com\/sk\/wp-json\/wp\/v2\/comments?post=15"}],"version-history":[{"count":14,"href":"https:\/\/gtxscan.com\/sk\/wp-json\/wp\/v2\/pages\/15\/revisions"}],"predecessor-version":[{"id":303,"href":"https:\/\/gtxscan.com\/sk\/wp-json\/wp\/v2\/pages\/15\/revisions\/303"}],"wp:attachment":[{"href":"https:\/\/gtxscan.com\/sk\/wp-json\/wp\/v2\/media?parent=15"}],"curies":[{"name":"wp","href":"https:\/\/api.w.org\/{rel}","templated":true}]}}