{"id":11,"date":"2019-03-20T11:01:37","date_gmt":"2019-03-20T10:01:37","guid":{"rendered":"https:\/\/gtxscan.com\/sk\/gtx-smart\/"},"modified":"2021-05-27T15:57:31","modified_gmt":"2021-05-27T13:57:31","slug":"gtx-smart","status":"publish","type":"page","link":"https:\/\/gtxscan.com\/sk\/gtx-smart\/","title":{"rendered":"GTX Smart"},"content":{"rendered":"<div id=\"ScrollPane\" style=\"display:inline-grid;\">\n<div class=\"scr prt horiz\">\n<div class=\"spane\">\n<div class=\"pane\" style=\" \" data-id=\"Horizontal01\">\n<div class=\"ct\">\n<div class=\"row\" style=\"display: contents;\">\n<div class=\"col-sm-5\">    <img src=\"\/gtx-smart\/wp-content\/uploads\/2021\/04\/gtx-smart-1.png\" style=\"width: 75%;\"><\/div>\n<div class=\"col-sm-5\"style=\"white-space: normal;\nword-wrap: break-word;\ntext-align: justify;\"><br \/>\n<img src=\"\/wp-content\/uploads\/2021\/04\/gtxsmart.png\" style=\"width: 45%;\"> <\/p>\n<div class=\"hidden-lg\">\n<h4 style=\"text-align: left;\nfont-size: 27px;\nfont-weight: normal;\">Vysok\u00e1 kvalita a p\u0159esnost<\/h4>\n<\/div>\n<div class=\"visible-lg\">\n<h4 style=\"text-align: justify;\nfont-size: 30px;\nletter-spacing: 4px;\nfont-weight: normal;\">Vysok\u00e1 kvalita a p\u0159esnost<\/h4>\n<\/p><\/div>\n<p style=\"text-align: justify;\">Je \u00fa\u010dinn\u00fd alkohol tester promy\u0161len\u00fd v ka\u017ed\u00e9m detailu. Jak n\u00e1zev napov\u00edd\u00e1, poskytuje chytr\u00fd (smart) provoz. Samotn\u00fd alkohol tester kontroluje spr\u00e1vnost m\u011b\u0159en\u00ed st\u0159\u00edzlivosti, vlastn\u00ed provoz a stav bateri\u00ed. Je vybaven profesion\u00e1ln\u00edm polovodi\u010dov\u00fdm senzorem a \u010diteln\u00fdm LCD displejem, na kter\u00e9m se zobrazuj\u00ed v\u00fdsledky. <\/p>\n<p> <\/p>\n<\/div><\/div>\n<\/div>\n<div class=\"scrolldown\">\n<section id=\"section10\" class=\"demo\">\n<p>\t<a href=\"#thanks\"><span><\/span> <\/a><\/p>\n<p style=\"padding-top: 24%;\">zvitok<\/p>\n<\/section>\n<\/div><\/div>\n<div class=\"pane an\" style=\" \" data-id=\"Horizontal02\">\n<div class=\"ct\">\n<div class=\"col-md-5 col-12 order-md-1 order-2\" style=\"white-space: normal;\nword-wrap: break-word;\ntext-align: justify;\"> <\/p>\n<h4 style=\"text-align: center;\"><\/h4>\n<hr style=\"width: 12%;margin-left: 4%;border-top: 3px dotted  #F42D2E8A;height: 0;margin-bottom: 3px;\">\n<hr style=\"width: 12%;margin-left: 6%;border-top: 3px dotted  #F42D2E8A;margin-top: 0px;margin-bottom: 3px;\">\n\t\t\t\t   <img src=\"\/wp-content\/uploads\/2021\/04\/prawy-1.png\" class=\"mx-auto\" alt=\"slide\" style=\"width: 26%;float:right;margin: -3%;\"><\/p>\n<p style=\"text-align: justify;\">Elegantn\u00ed, praktick\u00e1 a kvalitn\u00ed konstrukce je vyroben\u00e1 z odoln\u00e9ho plastu. Alkohol tester je p\u0159ed balen\u00edm kalibrov\u00e1n a je tak p\u0159ipraven k pou\u017eit\u00ed ihned po vybalen\u00ed z krabice. Obsahem balen\u00ed jsou i n\u00e1ustky pro v\u00edcen\u00e1sobn\u00e9 pou\u017eit\u00ed za\u0159\u00edzen\u00ed n\u011bkolika lidmi.<\/p>\n<p><\/p>\n<hr style=\"width: 12%;margin-left: 6%;border-top: 3px dotted  #F42D2E8A;margin-top: 0px;margin-bottom: 3px;float:right;margin-right:10px;\"><\/p>\n<hr style=\"width: 12%;margin-left: 6%;border-top: 3px dotted  #F42D2E8A;margin-top: -13px;margin-bottom: 3px;float:right;\">\n<p><center>\t\t<\/p>\n<p><img src=\"\/wp-content\/uploads\/2021\/04\/plus-opis-bottom.png\" class=\"mx-auto\" style=\"width: 7%;float: left;\">\n\t\t\t<\/p>\n<p><\/center><\/div>\n<div class=\"col-md-5 col-12 order-md-2 order-1\">\n\t\t\t          <img src=\"\/wp-content\/uploads\/2021\/04\/opis_smart.png\" class=\"mx-auto\" alt=\"slide\" style=\"width: 89%;\">\n\t\t <\/div>\n<\/div>\n<\/div>\n<div class=\"pane an\" style=\"\" data-id=\"Horizontal03\">\n<div class=\"ct\">\n<div class=\"col-md-5 col-12 order-md-1 order-2\" style=\"white-space: pre-wrap;\nword-wrap: break-word;\">  <\/p>\n<h4 style=\"text-align: center;\">Kalibr\u00e1cia<\/h4>\n<hr style=\"width: 12%;margin-left: 4%;border-top: 3px dotted  #F42D2E8A;height: 0;margin-bottom: -17px;\">\n<hr style=\"width: 12%;margin-left: 6%;border-top: 3px dotted  #F42D2E8A;margin-top: 0px;margin-bottom: -16px;\">\n\t\t\t\t   <img src=\"\/wp-content\/uploads\/2021\/04\/plus-opis.png\" class=\"mx-auto\" alt=\"slide\" style=\"width: 26%;float:left;\"><\/p>\n<p style=\"text-align: justify;\">Kalibr\u00e1cia je pojem nerozlu\u010dne sp\u00e4t\u00fd s ka\u017ed\u00fdm alkohol testerom. Znamen\u00e1 to, \u017ee ka\u017ed\u00fdch 6 mesiacov alebo ka\u017ed\u00fdch 400 meran\u00ed je potreba alkohol tester nakonfigurova\u0165 tak, aby spr\u00e1vne vyhodnocoval v\u00fdsledky pomaly sa opotrebov\u00e1vaj\u00faceho sa senzoru.<\/p>\n<hr style=\"width: 12%;margin-left: 4%;border-top: 3px dotted  #F42D2E8A;height: 0;margin-bottom: -16px;\">\n<hr style=\"width: 12%;margin-left: 6%;border-top: 3px dotted  #F42D2E8A;margin-top: 0px;margin-bottom: 3px;\">\n<p style=\"text-align: center;\"><b>\tMysl\u00edte si, \u017ee V\u00e1\u0161 alkohol tester vy\u017eaduje servis? Pomocou formul\u00e1ra m\u00f4\u017eete r\u00fdchlo a pohodlne nahl\u00e1si\u0165 alkoholtester na opravu alebo kalibr\u00e1ciu.  <\/b><\/p>\n<\/p>\n<p><center><br \/>\n             <a href=\"\/gtx\/\" class=\"myButton\" style=\"width:50%; margin-top:0%;\">  Nahlaste za\u0159\u00edzen\u00ed online <\/a><\/p>\n<p><img src=\"\/wp-content\/uploads\/2021\/04\/plus-opis-bottom.png\" class=\"mx-auto\" style=\"width: 7%;float: left;\">\n\t\t\t<\/p>\n<p><\/center><\/div>\n<div class=\"col-md-5 col-12 order-md-2 order-1\" style=\"white-space: pre-wrap;\nword-wrap: break-word;\"><br \/>\n\t\t\t          <img src=\"\/wp-content\/uploads\/smart\/eu\/kalibracja_smart.png\" class=\"mx-auto\" alt=\"slide\" style=\"width: 89%;\">\n\t\t <\/div>\n<\/div>\n<\/div>\n<div class=\"pane an\" style=\" \" data-id=\"Horizontal04\">\n<div class=\"ct\">\n<div class=\"hidden-lg\"> <\/br><\/p>\n<h4 style=\"text-align: center;\nfont-size: 27px;\n\nfont-weight: normal;\">Materi\u00e1ly ke sta\u017een\u00ed <\/h4>\n<\/div>\n<div class=\"row\" style=\"display: contents;\">\n<div class=\"col-md-5 col-12 order-md-1 order-2\" style=\"white-space: normal;\nword-wrap: break-word;\ntext-align: justify;\">  <\/p>\n<p>         <img src=\"\/wp-content\/uploads\/2021\/04\/dopobrania_smart.png\" class=\"mx-auto\" alt=\"slide\" style=\"width: 89%;\">\n\t\t\t<\/p>\n<\/div>\n<div class=\"col-md-5 col-12 order-md-2 order-1 \"style=\"white-space: normal;\nword-wrap: break-word;\ntext-align: justify;\">  <\/p>\n<div class=\"visible-lg\">\n<h4 style=\"text-align: center;\">Materi\u00e1ly ke sta\u017een\u00ed  <\/h4>\n<\/p><\/div>\n<p style=\"font-size: 19px;\"><i class=\"fa fa-download\" aria-hidden=\"true\" style=\"padding:4%;font-size: 23px;\"><\/i><a href=\"\/wp-content\/uploads\/smart\/gtxsmart-multilang.pdf\" style=\"color:#000;\"> n\u00e1vod   <\/a> <\/p>\n<\/p>\n<\/div><\/div>\n<\/div><\/div>\n<div class=\"pane an\" style=\" \" data-id=\"Horizontal05\">\n<div class=\"ct\">\n<div class=\"hidden-lg\"> <\/br><\/p>\n<h4 style=\"text-align: center;\nfont-size: 30px;\n\nfont-weight: normal;\"><\/br><\/br>sada obsahuje <\/h4>\n<\/div>\n<div class=\"row\" style=\"display: contents;\">\n<div class=\"col-md-12 col-12 order-md-1 order-2\" style=\"white-space: normal;\nword-wrap: break-word;\ntext-align: justify;\">  <\/p>\n<p>        <img src=\"\/wp-content\/uploads\/smart\/sk\/zestaw.png\" class=\"mx-auto\" alt=\"slide\" style=\"width:93%;\">\n\t\t\t<\/p>\n<\/div><\/div>\n<\/div>\n<\/div>\n<div class=\"pane an\" style=\" \" data-id=\"Horizontal06\">\n<div class=\"ct\">\n<div class=\"hidden-lg\"> <\/br><\/p>\n<h4 style=\"text-align: center;\nfont-size: 30px;\n\nfont-weight: normal;\"><\/br><\/br>Technick\u00e9 \u0161pecifik\u00e1cie<\/p>\n<\/h4>\n<\/div>\n<div class=\"row\" style=\"display: contents;\">\n<div class=\"col-md-12 col-12 order-md-1 order-2\" style=\"white-space: normal;\nword-wrap: break-word;\ntext-align: justify;\">  <\/p>\n<p>        <img src=\"\/wp-content\/uploads\/smart\/sk\/spec.png\" class=\"mx-auto\" alt=\"slide\" style=\"width: 90%;\">\n\t\t\t<\/p>\n<\/div><\/div>\n<\/div>\n<\/div><\/div>\n<\/div>\n<\/div>\n<\/div>\n","protected":false},"excerpt":{"rendered":"<p>Vysok\u00e1 kvalita a p\u0159esnost Vysok\u00e1 kvalita a p\u0159esnost Je \u00fa\u010dinn\u00fd alkohol tester promy\u0161len\u00fd v ka\u017ed\u00e9m detailu. Jak n\u00e1zev napov\u00edd\u00e1, [&hellip;]<\/p>\n","protected":false},"author":5,"featured_media":0,"parent":0,"menu_order":0,"comment_status":"closed","ping_status":"closed","template":"","meta":[],"_links":{"self":[{"href":"https:\/\/gtxscan.com\/sk\/wp-json\/wp\/v2\/pages\/11"}],"collection":[{"href":"https:\/\/gtxscan.com\/sk\/wp-json\/wp\/v2\/pages"}],"about":[{"href":"https:\/\/gtxscan.com\/sk\/wp-json\/wp\/v2\/types\/page"}],"author":[{"embeddable":true,"href":"https:\/\/gtxscan.com\/sk\/wp-json\/wp\/v2\/users\/5"}],"replies":[{"embeddable":true,"href":"https:\/\/gtxscan.com\/sk\/wp-json\/wp\/v2\/comments?post=11"}],"version-history":[{"count":21,"href":"https:\/\/gtxscan.com\/sk\/wp-json\/wp\/v2\/pages\/11\/revisions"}],"predecessor-version":[{"id":83,"href":"https:\/\/gtxscan.com\/sk\/wp-json\/wp\/v2\/pages\/11\/revisions\/83"}],"wp:attachment":[{"href":"https:\/\/gtxscan.com\/sk\/wp-json\/wp\/v2\/media?parent=11"}],"curies":[{"name":"wp","href":"https:\/\/api.w.org\/{rel}","templated":true}]}}