{"id":9,"date":"2019-03-20T11:01:21","date_gmt":"2019-03-20T10:01:21","guid":{"rendered":"https:\/\/gtxscan.com\/cz\/gtx-spectrum\/"},"modified":"2021-06-24T11:27:30","modified_gmt":"2021-06-24T09:27:30","slug":"gtx-spectrum","status":"publish","type":"page","link":"https:\/\/gtxscan.com\/cz\/gtx-spectrum\/","title":{"rendered":"GTX Spectrum"},"content":{"rendered":"<div id=\"ScrollPane\" style=\"display:inline-grid;\">\n<div class=\"scr prt horiz\">\n<div class=\"spane\">\n<div class=\"pane\" style=\" \" data-id=\"Horizontal01\">\n<div class=\"ct\">\n<div class=\"row\" style=\"display: contents;\">\n<div class=\"col-sm-5\">    <img src=\"\/wp-content\/uploads\/2021\/04\/gtxspectrum-slider.png\" style=\"width: 75%;\"><\/div>\n<div class=\"col-sm-5\"style=\"white-space: normal;\nword-wrap: break-word;\ntext-align: justify;\"><br \/>\n<img src=\"\/wp-content\/uploads\/2021\/04\/gtx-spectrum-1.png\" style=\"width: 45%;\"> <\/p>\n<h4 style=\"text-align: justify;\nfont-size: 30px;\nletter-spacing: 14px;\nfont-weight: normal;\">\u0160irok\u00e9 spektrum m\u011b\u0159en\u00ed<\/h4>\n<p style=\"text-align: justify;\">Spolehliv\u00e9 za\u0159\u00edzen\u00ed se \u0161irok\u00fdm spektrem m\u011b\u0159en\u00ed \u2013 od 0 do 4 promile. Je to elektrochemick\u00fd alkohol tester s platinov\u00fdm \u010didlem, kter\u00e9 zaji\u0161\u0165uje v\u011brohodn\u00e9 a p\u0159esn\u00e9 m\u011b\u0159en\u00ed. Alkohol tester kontroluje spr\u00e1vnost proveden\u00e9ho m\u011b\u0159en\u00ed st\u0159\u00edzlivosti a kontroluje spr\u00e1vnost vlastn\u00ed funkcionality.V\u00fdsledky jsou prezentov\u00e1ny na kontrastn\u00edm, \u010diteln\u00e9m displeji.<\/p>\n<p> <\/p>\n<\/div><\/div>\n<\/div>\n<div class=\"scrolldown\">\n<section id=\"section10\" class=\"demo\">\n<p>\t<a href=\"#thanks\"><span><\/span> <\/a><\/p>\n<p style=\"padding-top: 24%;\">zvitok<\/p>\n<\/section>\n<\/div><\/div>\n<div class=\"pane an\" style=\" \" data-id=\"Horizontal02\">\n<div class=\"ct\">\n<div class=\"col-md-5 col-12 order-md-1 order-2\" style=\"white-space: normal;\nword-wrap: break-word;\ntext-align: justify;\"> <\/p>\n<h4 style=\"text-align: center;\"><\/h4>\n<hr style=\"width: 12%;margin-left: 4%;border-top: 3px dotted  #F42D2E8A;height: 0;margin-bottom: 3px;\">\n<hr style=\"width: 12%;margin-left: 6%;border-top: 3px dotted  #F42D2E8A;margin-top: 0px;margin-bottom: 3px;\">\n\t\t\t\t   <img src=\"\/wp-content\/uploads\/2021\/04\/prawy-1.png\" class=\"mx-auto\" alt=\"slide\" style=\"width: 26%;float:right;margin: -3%;\"><\/p>\n<p style=\"text-align: justify;\">\u00dahledn\u00fd a mal\u00fd, ve vkusn\u00e9m pouzd\u0159e z odoln\u00e9ho plastu.<\/p>\n<p>Alkohol tester je p\u0159ed zabalen\u00edm kalibrov\u00e1n a je tak p\u0159ipraven k pou\u017eit\u00ed ihned po vyjmut\u00ed z krabice. V balen\u00ed naleznete n\u00e1ustky pro v\u00edcen\u00e1sobn\u00e9 pou\u017eit\u00ed, hygienicky zabalen\u00e9.<\/p>\n<p><\/p>\n<hr style=\"width: 12%;margin-left: 89%;border-top: 3px dotted  #F42D2E8A;margin-top: 0px;margin-bottom: 3px;float: left;\/* margin-right:10px;\"><\/p>\n<hr style=\"width: 12%;margin-left: 85%;border-top: 3px dotted  #F42D2E8A;margin-top: -13px;margin-bottom: 18px;float: left;\">\n<p><center>\t\t<\/p>\n<p><img src=\"\/wp-content\/uploads\/2021\/04\/plus-opis-bottom.png\" class=\"mx-auto\" style=\"width: 7%;float: left;\">\n\t\t\t<\/p>\n<p><\/center><\/div>\n<div class=\"col-md-5 col-12 order-md-2 order-1\">\n\t\t\t          <img src=\"\/wp-content\/uploads\/spectrum\/eu\/opis_produktu_spectrum.png\" class=\"mx-auto\" alt=\"slide\" style=\"width: 89%;\">\n\t\t <\/div>\n<\/div>\n<\/div>\n<div class=\"pane an\" style=\"\" data-id=\"Horizontal03\">\n<div class=\"ct\">\n<div class=\"col-md-5 col-12 order-md-1 order-2\" style=\"white-space: pre-wrap;\nword-wrap: break-word;\">  <\/p>\n<h4 style=\"text-align: center;\">Kalibrace<\/h4>\n<hr style=\"width: 12%;margin-left: 4%;border-top: 3px dotted  #F42D2E8A;height: 0;margin-bottom: -17px;\">\n<hr style=\"width: 12%;margin-left: 6%;border-top: 3px dotted  #F42D2E8A;margin-top: 0px;margin-bottom: -16px;\">\n\t\t\t\t   <img src=\"\/wp-content\/uploads\/2021\/04\/plus-opis.png\" class=\"mx-auto\" alt=\"slide\" style=\"width: 26%;float:left;\"><\/p>\n<p style=\"text-align: justify;\">Kalibrace je kontroln\u011b-optimaliza\u010dn\u00ed proces, konfiguruj\u00edc\u00ed software alkohol tester. Kalibrace je pojem nerozlu\u010dn\u011b spjat\u00fd s ka\u017ed\u00fdm alkohol testerem. Znamen\u00e1 to, \u017ee ka\u017ed\u00fdch 12 m\u011bs\u00edc\u016f nebo ka\u017ed\u00fdch 500 m\u011b\u0159en\u00ed je pot\u0159eba alkohol tester nakonfigurovat tak, aby spr\u00e1vn\u011b vyhodnocoval v\u00fdsledky pomalu se opot\u0159ebov\u00e1vaj\u00edc\u00edho \u010didla.<\/p>\n<hr style=\"width: 12%;margin-left: 4%;border-top: 3px dotted  #F42D2E8A;height: 0;margin-bottom: -16px;\">\n<hr style=\"width: 12%;margin-left: 6%;border-top: 3px dotted  #F42D2E8A;margin-top: 0px;margin-bottom: 3px;\">\n<p style=\"text-align: center;\"><b>\t Mysl\u00edte si, \u017ee V\u00e1\u0161 alkohol tester vy\u017eaduje servis? Pomoc\u00ed formul\u00e1\u0159e m\u016f\u017eete rychle a pohodln\u011b nahl\u00e1sit alkohol tester na opravu nebo kalibraci<\/b><\/p>\n<\/p>\n<p><center><br \/>\n             <a href=\"\/gtx\/\" class=\"myButton\" style=\"width:50%; margin-top:0%;\"> Nahlaste za\u0159\u00edzen\u00ed online <\/a><\/p>\n<p><img src=\"\/wp-content\/uploads\/2021\/04\/plus-opis-bottom.png\" class=\"mx-auto\" style=\"width: 7%;float: left;\">\n\t\t\t<\/p>\n<p><\/center><\/div>\n<div class=\"col-md-5 col-12 order-md-2 order-1\" style=\"white-space: pre-wrap;\nword-wrap: break-word;\"><br \/>\n\t\t\t          <img src=\"\/wp-content\/uploads\/2021\/04\/zgloszenie_spectrum.png\" class=\"mx-auto\" alt=\"slide\" style=\"width: 89%;\">\n\t\t <\/div>\n<\/div>\n<\/div>\n<div class=\"pane an\" style=\" \" data-id=\"Horizontal04\">\n<div class=\"ct\">\n<div class=\"row\" style=\"display: contents;\">\n<div class=\"col-md-5 col-12 order-md-1 order-2\" style=\"white-space: normal;\nword-wrap: break-word;\ntext-align: justify;\">  <\/p>\n<div class=\"hidden-lg\"> <\/br><\/p>\n<h4 style=\"text-align: center;\">Materi\u00e1ly ke sta\u017een\u00ed<\/h4>\n<p><\/br>\n<\/div>\n<p>         <img src=\"\/wp-content\/uploads\/2021\/04\/materialy.png\" class=\"mx-auto\" alt=\"slide\" style=\"width: 89%;\">\n\t\t\t<\/p>\n<\/div>\n<div class=\"col-md-5 col-12 order-md-2 order-1 \"style=\"white-space: normal;\nword-wrap: break-word;\ntext-align: justify;\">  <\/p>\n<div class=\"visible-lg\">\n<h4 style=\"text-align: center;\">Materi\u00e1ly ke sta\u017een\u00ed<\/h4>\n<\/div>\n<p style=\"font-size: 19px;\"><i class=\"fa fa-download\" aria-hidden=\"true\" style=\"padding:4%;font-size: 23px;\"><\/i><a href=\"\/wp-content\/uploads\/spectrum\/gtxspectrum-multi.pdf\" style=\"color:#000;\">n\u00e1vod <\/a><\/p>\n<\/p>\n<\/div><\/div>\n<\/div>\n<div class=\"scrolldown\">\n<section id=\"section10\" class=\"demo\">\n<p>\t<a href=\"#thanks\"><span><\/span> <\/a><\/p>\n<p style=\"padding-top: 24%;\">Scroll<\/p>\n<\/section>\n<\/div><\/div>\n<div class=\"pane an\" style=\" \" data-id=\"Horizontal05\">\n<div class=\"ct\">\n<div class=\"hidden-lg\">\n<h4 style=\"text-align: center;\"><\/br>Sada obsahuje<\/h4>\n<\/div>\n<div class=\"row\" style=\"display: contents;\">\n<div class=\"col-md-12 col-12 order-md-1 order-2\" style=\"white-space: normal;\nword-wrap: break-word;\ntext-align: justify;\">  <\/p>\n<p>        <img src=\"\/cz\/wp-content\/uploads\/sites\/3\/2021\/06\/sada-spectrum.png\" class=\"mx-auto\" alt=\"slide\" style=\"width:93%;\">\n\t\t\t<\/p>\n<\/div><\/div>\n<\/div>\n<\/div>\n<div class=\"pane an\" style=\" \" data-id=\"Horizontal06\">\n<div class=\"hidden-lg\">\n<h4 style=\"text-align: center;\"><\/br>Technick\u00e9 specifikace<\/h4>\n<\/div>\n<div class=\"ct\">\n<div class=\"row\" style=\"display: contents;\">\n<div class=\"col-md-12 col-12 order-md-1 order-2\" style=\"white-space: normal;\nword-wrap: break-word;\ntext-align: justify;\">  <\/p>\n<p>        <img src=\"\/cz\/wp-content\/uploads\/sites\/3\/2021\/06\/spectrum-spec-cz.png\" class=\"mx-auto\" alt=\"slide\" style=\"width: %;\">\n\t\t\t<\/p>\n<\/div><\/div>\n<\/div>\n<\/div>\n<div class=\"scrolldown\">\n<section id=\"section10\" class=\"demo\">\n<p>\t<a href=\"#thanks\"><span><\/span> <\/a><\/p>\n<p style=\"padding-top: 24%;\">Scroll<\/p>\n<\/section>\n<\/div><\/div>\n<\/div>\n<\/div>\n<\/div>\n","protected":false},"excerpt":{"rendered":"<p>\u0160irok\u00e9 spektrum m\u011b\u0159en\u00ed Spolehliv\u00e9 za\u0159\u00edzen\u00ed se \u0161irok\u00fdm spektrem m\u011b\u0159en\u00ed \u2013 od 0 do 4 promile. Je to elektrochemick\u00fd alkohol [&hellip;]<\/p>\n","protected":false},"author":5,"featured_media":0,"parent":0,"menu_order":0,"comment_status":"closed","ping_status":"closed","template":"","meta":[],"_links":{"self":[{"href":"https:\/\/gtxscan.com\/cz\/wp-json\/wp\/v2\/pages\/9"}],"collection":[{"href":"https:\/\/gtxscan.com\/cz\/wp-json\/wp\/v2\/pages"}],"about":[{"href":"https:\/\/gtxscan.com\/cz\/wp-json\/wp\/v2\/types\/page"}],"author":[{"embeddable":true,"href":"https:\/\/gtxscan.com\/cz\/wp-json\/wp\/v2\/users\/5"}],"replies":[{"embeddable":true,"href":"https:\/\/gtxscan.com\/cz\/wp-json\/wp\/v2\/comments?post=9"}],"version-history":[{"count":33,"href":"https:\/\/gtxscan.com\/cz\/wp-json\/wp\/v2\/pages\/9\/revisions"}],"predecessor-version":[{"id":623,"href":"https:\/\/gtxscan.com\/cz\/wp-json\/wp\/v2\/pages\/9\/revisions\/623"}],"wp:attachment":[{"href":"https:\/\/gtxscan.com\/cz\/wp-json\/wp\/v2\/media?parent=9"}],"curies":[{"name":"wp","href":"https:\/\/api.w.org\/{rel}","templated":true}]}}