{"id":491,"date":"2021-05-27T15:31:18","date_gmt":"2021-05-27T13:31:18","guid":{"rendered":"https:\/\/gtxscan.com\/cz\/?page_id=491"},"modified":"2024-07-12T14:47:40","modified_gmt":"2024-07-12T12:47:40","slug":"technicka-pomoc","status":"publish","type":"page","link":"https:\/\/gtxscan.com\/cz\/technicka-pomoc\/","title":{"rendered":"Technick\u00e1 pomoc"},"content":{"rendered":"<div id=\"ScrollPane\">\n<div class=\"scr prt horiz\">\n<div class=\"spane\">\n<div class=\"pane\" data-id=\"Horizontal01\">\n<div class=\"ct\">\n<div class=\"row\">\n<div class=\"col-sm-5\" style=\"text-align: justify\">\n<p><img style=\"width: 45%\" src=\"\/wp-content\/uploads\/2021\/04\/gtxoryginalpng.png\" \/><\/p>\n<p><img class=\"mx-auto\" style=\"width: 7%;float: left\" src=\"\/wp-content\/uploads\/2021\/04\/plus-opis-bottom.png\" \/><\/p>\n<h4 style=\"text-align: justify;font-size: 30px;letter-spacing: 4px;font-weight: normal\">Materi\u00e1ly ke sta\u017een\u00ed<\/h4>\n<p style=\"font-size: 19px\"><i class=\"fa fa-download\" style=\"padding-right: 4%;font-size: 23px;padding-top: 6%\" aria-hidden=\"true\"><\/i> <a style=\"color: #000\" href=\"\/wp-content\/uploads\/gtx\/gtxoriginalmultilang.pdf\"> n\u00e1vod <\/a><\/p>\n<\/div>\n<div class=\"col-sm-5\">\n<p><img style=\"width: 75%\" src=\"\/wp-content\/uploads\/2021\/05\/gtx-strona-support.png\" \/><\/p>\n<\/div>\n<\/div>\n<\/div>\n<div class=\"scrolldown\">\n<section id=\"section10\" class=\"demo\">&nbsp;<\/p>\n<p style=\"padding-top: 24%\">\n<\/section>\n<\/div>\n<\/div>\n<div class=\"pane an\" data-id=\"Horizontal02\">\n<div class=\"ct\">\n<div class=\"col-sm-5\" style=\"text-align: justify\">\n<p><img style=\"width: 45%\" src=\"\/wp-content\/uploads\/2021\/04\/gtxsmart.png\" \/><\/p>\n<p><img class=\"mx-auto\" style=\"width: 7%;float: left\" src=\"\/wp-content\/uploads\/2021\/04\/plus-opis-bottom.png\" \/><\/p>\n<h4 style=\"text-align: justify;font-size: 30px;letter-spacing: 4px;font-weight: normal\">Materi\u00e1ly ke sta\u017een\u00ed<\/h4>\n<p style=\"font-size: 19px\"><i class=\"fa fa-download\" style=\"padding-right: 4%;font-size: 23px;padding-top: 6%\" aria-hidden=\"true\"><\/i><a style=\"color: #000\" href=\"\/wp-content\/uploads\/smart\/gtxsmart-multilang.pdf\"> n\u00e1vod <\/a><\/p>\n<\/div>\n<div class=\"col-sm-5\">\n<p><img style=\"width: 75%\" src=\"\/wp-content\/uploads\/2021\/05\/gtxsmart-support-e1622120060298.png\" \/><\/p>\n<\/div>\n<\/div>\n<\/div>\n<div class=\"pane an\" data-id=\"Horizontal03\">\n<div class=\"ct\">\n<div class=\"col-sm-5\" style=\"text-align: justify\">\n<p><img style=\"width: 45%\" src=\"\/wp-content\/uploads\/2021\/04\/gtx-spectrum-1.png\" \/><\/p>\n<p><img class=\"mx-auto\" style=\"width: 7%;float: left\" src=\"\/wp-content\/uploads\/2021\/04\/plus-opis-bottom.png\" \/><\/p>\n<h4 style=\"text-align: justify;font-size: 30px;letter-spacing: 4px;font-weight: normal\">Materi\u00e1ly ke sta\u017een\u00ed<\/h4>\n<p style=\"font-size: 19px\"><i class=\"fa fa-download\" style=\"padding-right: 4%;font-size: 23px;padding-top: 6%\" aria-hidden=\"true\"><\/i><a style=\"color: #000\" href=\"\/wp-content\/uploads\/spectrum\/gtxspectrum-multi.pdf\">n\u00e1vod <\/a><\/p>\n<\/div>\n<div class=\"col-sm-5\">\n<p><img style=\"width: 75%\" src=\"\/wp-content\/uploads\/2021\/05\/gtx-spectrum-e1622120082681.png\" \/><\/p>\n<\/div>\n<\/div>\n<\/div>\n<div class=\"pane an\" data-id=\"Horizontal04\">\n<div class=\"ct\">\n<div class=\"col-sm-5\" style=\"white-space: normal; word-wrap: break-word; text-align: justify;\">\n<p><img style=\"width: 45%;\" src=\"\/wp-content\/uploads\/sites\/5\/2024\/07\/gtx-protector-1.png\" \/><\/p>\n<p><img class=\"mx-auto\" style=\"width: 7%; float: left;\" src=\"\/wp-content\/uploads\/2021\/04\/plus-opis-bottom.png\" \/><\/p>\n<h4 style=\"text-align: justify; font-size: 30px; letter-spacing: 4px; font-weight: normal;\">Materi\u00e1ly ke sta\u017een\u00ed<\/h4>\n<p style=\"font-size: 19px;padding-top: 40px;\"><i class=\"fa fa-download\" style=\"padding-right: 4%; font-size: 23px; padding-top: 6%;\" aria-hidden=\"true\"><\/i><a style=\"color: #000;\" href=\"https:\/\/gtxscan.com\/wp-content\/uploads\/protector\/cz\/gtxprotector-n\u00e1vodkobsluze-cz.pdf\">n\u00e1vod <\/a><br \/>\n<i class=\"fa fa-download\" style=\"padding-right: 4%; font-size: 23px; padding-top: 6%;\" aria-hidden=\"true\"><\/i><a style=\"color: #000;\" href=\"https:\/\/gtxscan.com\/wp-content\/uploads\/protector\/cz\/zarucnilist.pdf\">Z\u00e1ru\u010dn\u00ed list<\/a><\/p>\n<\/div>\n<div class=\"col-sm-5\">\n<p><img style=\"width: 75%;\" src=\"\/wp-content\/uploads\/sites\/5\/2024\/07\/gtx-protector.png\" \/><\/p>\n<\/div>\n<\/div>\n<\/div>\n<\/div>\n<\/div>\n<\/div>\n","protected":false},"excerpt":{"rendered":"<p>Materi\u00e1ly ke sta\u017een\u00ed n\u00e1vod &nbsp; Materi\u00e1ly ke sta\u017een\u00ed n\u00e1vod Materi\u00e1ly ke sta\u017een\u00ed n\u00e1vod Materi\u00e1ly ke sta\u017een\u00ed n\u00e1vod Z\u00e1ru\u010dn\u00ed list<\/p>\n","protected":false},"author":5,"featured_media":0,"parent":0,"menu_order":0,"comment_status":"closed","ping_status":"closed","template":"","meta":[],"_links":{"self":[{"href":"https:\/\/gtxscan.com\/cz\/wp-json\/wp\/v2\/pages\/491"}],"collection":[{"href":"https:\/\/gtxscan.com\/cz\/wp-json\/wp\/v2\/pages"}],"about":[{"href":"https:\/\/gtxscan.com\/cz\/wp-json\/wp\/v2\/types\/page"}],"author":[{"embeddable":true,"href":"https:\/\/gtxscan.com\/cz\/wp-json\/wp\/v2\/users\/5"}],"replies":[{"embeddable":true,"href":"https:\/\/gtxscan.com\/cz\/wp-json\/wp\/v2\/comments?post=491"}],"version-history":[{"count":5,"href":"https:\/\/gtxscan.com\/cz\/wp-json\/wp\/v2\/pages\/491\/revisions"}],"predecessor-version":[{"id":629,"href":"https:\/\/gtxscan.com\/cz\/wp-json\/wp\/v2\/pages\/491\/revisions\/629"}],"wp:attachment":[{"href":"https:\/\/gtxscan.com\/cz\/wp-json\/wp\/v2\/media?parent=491"}],"curies":[{"name":"wp","href":"https:\/\/api.w.org\/{rel}","templated":true}]}}