{"id":45,"date":"2019-03-19T14:29:40","date_gmt":"2019-03-19T13:29:40","guid":{"rendered":"https:\/\/gtxscan.com\/cz\/45-2\/"},"modified":"2025-08-18T15:13:39","modified_gmt":"2025-08-18T13:13:39","slug":"45-2","status":"publish","type":"page","link":"https:\/\/gtxscan.com\/cz\/","title":{"rendered":""},"content":{"rendered":"<div class=\"container\">\n<div class=\"row\">\n<div class=\"entry-content\">\n<h2 style=\"margin-top: 3%;\">GTX \u2013 Alkohol testery pro ka\u017ed\u00e9ho<\/h2>\n<p>Dom\u00e9nou na\u0161ich za\u0159\u00edzen\u00ed je elektronika nejvy\u0161\u0161\u00ed t\u0159\u00eddy za dostupn\u00e9 ceny. Alkohol testery GTX byly vybaveny inovativn\u00edmi elektrochemick\u00fdmi a polovodi\u010dov\u00fdmi \u010didly. Na\u0161e produkty jsou zam\u011b\u0159eny pro osobn\u00ed pou\u017eit\u00ed u\u017eivatel\u016f, kte\u0159\u00ed hledaj\u00ed \u0159e\u0161en\u00ed pro kontrolu st\u0159\u00edzlivosti. Testery GTX jsou vhodn\u00fdm \u0159e\u0161en\u00edm, pokud se chceme ujistit, \u017ee jsme st\u0159\u00edzliv\u00ed, a nep\u0159edstavujeme hrozbu pro sebe, na\u0161e bl\u00edzk\u00e9 a ostatn\u00ed \u00fa\u010dastn\u00edky silni\u010dn\u00edho provozu.<\/p>\n<\/div>\n<\/div>\n<\/div>\n<div id=\"ScrollPane\" style=\"display:inline-grid;\">\n<div class=\"scr prt horiz\">\n<div class=\"spane\">\n<div class=\"pane\" style=\" \" data-id=\"Horizontal01\">\n<div class=\"ct\"style=\"height: 75vh;\">\n<div class=\"row\" style=\"display: contents;\">\n<div class=\"col-sm-4\">    <img src=\"\/wp-content\/uploads\/2021\/04\/gtxspectrum-slider.png\" style=\"width: 75%;\"><\/div>\n<div class=\"col-sm-5\"style=\"white-space: normal;\nword-wrap: break-word;\ntext-align: justify;padding-right: 5%;\"><br \/>\n<center><img src=\"\/wp-content\/uploads\/2021\/04\/gtx-spectrum-1.png\" style=\"width: 45%;\"> <\/center><\/p>\n<h4 style=\"text-align: justify;\nfont-size: 30px;\nletter-spacing: 5px;\nfont-weight: normal;\">\u0160irok\u00e9 spektrum m\u011b\u0159en\u00ed<\/h4>\n<p style=\"text-align: justify;\">Spolehliv\u00e9 za\u0159\u00edzen\u00ed se \u0161irok\u00fdm spektrem m\u011b\u0159en\u00ed \u2013 od 0 do 4 promile. Je to elektrochemick\u00fd alkohol tester s platinov\u00fdm \u010didlem, kter\u00e9 zaji\u0161\u0165uje v\u011brohodn\u00e9 a p\u0159esn\u00e9 m\u011b\u0159en\u00ed\u2026.<\/p>\n<p> <\/p>\n<p><a href=\"\/cz\/gtx-spectrum\/\" class=\"myButton\" style=\"float:right; width:50%; margin-top:11%;\"> V\u00edce informac\u00ed<\/a><\/div>\n<\/p><\/div>\n<\/p><\/div>\n<\/div>\n<div class=\"pane an\" style=\" \" data-id=\"Horizontal02\">\n<div class=\"ct\"style=\"height: 75vh;\">\n<div class=\"row\" style=\"display: contents;\">\n<div class=\"col-sm-4\">    <img src=\"\/wp-content\/uploads\/2021\/04\/gtx-slider.png\" style=\"width: 75%;\"><\/div>\n<div class=\"col-sm-5\"style=\"white-space: normal;\nword-wrap: break-word;\ntext-align: justify;padding-right: 5%;\"><br \/>\n<center><img src=\"\/wp-content\/uploads\/2021\/04\/gtxoryginalpng.png\" style=\"width: 45%;\"> <\/center><\/p>\n<h4 style=\"text-align: justify;\nfont-size: 30px;\nletter-spacing: 4px;\nfont-weight: normal;\">P\u0159esnost, styl, z\u00e1ruka <\/h4>\n<p style=\"text-align: justify;\">Je skv\u011bl\u00fd mix modern\u00edho vzhledu a nejnov\u011bj\u0161\u00ed technologie m\u011b\u0159en\u00ed. P\u0159esto\u017ee je mal\u00fd a ergonomick\u00fd, m\u00e1 obrovsk\u00fd potenci\u00e1l a kvalitu\u2026  <\/p>\n<p> <\/p>\n<p><a href=\"\/cz\/gtx-spectrum\/\" class=\"myButton\" style=\"float:right; width:50%; margin-top:11%;\"> V\u00edce informac\u00ed<\/a><\/div>\n<\/p><\/div>\n<\/div>\n<\/div>\n<div class=\"pane an\" style=\" \" data-id=\"Horizontal03\">\n<div class=\"ct\"style=\"height: 75vh;\">\n<div class=\"row\" style=\"display: contents;\">\n<div class=\"col-sm-4\">    <img src=\"\/wp-content\/uploads\/sites\/3\/2025\/08\/gtx_protector-1.png\" style=\"width: 75%;\"><\/div>\n<div class=\"col-sm-5\"style=\"white-space: normal;\nword-wrap: break-word;\ntext-align: justify;padding-right: 5%;\"><br \/>\n<center><img src=\"\/wp-content\/uploads\/sites\/3\/2025\/08\/gtxprotector-logo.png\" style=\"width: 45%;\"> <\/center><\/p>\n<h4 style=\"text-align: justify;\nfont-size: 30px;\nletter-spacing: 4px;\nfont-weight: normal;\">P\u0159esnost a spolehlivost m\u011b\u0159en\u00ed<\/h4>\n<p style=\"text-align: justify;\">Alkoholov\u00fd analyz\u00e1tor GTX Protector je modern\u00ed za\u0159\u00edzen\u00ed ur\u010den\u00e9 pro ty, kte\u0159\u00ed si cen\u00ed p\u0159esnosti a snadn\u00e9ho pou\u017eit\u00ed. D\u00edky pokro\u010dil\u00e9mu elektrochemick\u00e9mu senzoru zaji\u0161\u0165uje v\u00fdjime\u010dnou p\u0159esnost m\u011b\u0159en\u00ed a eliminuje vliv vn\u011bj\u0161\u00edch faktor\u016f.\u2026  <\/p>\n<p> <\/p>\n<p><a href=\"\/cz\/gtx-protector\/\" class=\"myButton\" style=\"float:right; width:50%; margin-top:11%;\"> V\u00edce informac\u00ed<\/a><\/div>\n<\/p><\/div>\n<\/div>\n<\/div>\n<div class=\"pane an\" style=\"\" data-id=\"Horizontal04\">\n<div class=\"ct\" style=\"height: 75vh;\">\n<div class=\"row\" style=\"display: contents;\">\n<div class=\"col-sm-4\">    <img src=\"\/wp-content\/uploads\/2021\/04\/gtxsmart-slider.png\" style=\"width: 75%;\"><\/div>\n<div class=\"col-sm-5\"style=\"white-space: normal;\nword-wrap: break-word;\ntext-align: justify;padding-right: 5%;\"><br \/>\n<center><img src=\"\/wp-content\/uploads\/2021\/04\/gtxsmart.png\" style=\"width: 45%;\"><\/center> <\/p>\n<h4 style=\"text-align: justify;\nfont-size: 30px;\nletter-spacing: 2px;\nfont-weight: normal;\">Vysok\u00e1 kvalita a p\u0159esnost<\/h4>\n<p style=\"text-align: justify;\">Je \u00fa\u010dinn\u00fd alkohol tester promy\u0161len\u00fd v ka\u017ed\u00e9m detailu. Jak n\u00e1zev napov\u00edd\u00e1, poskytuje chytr\u00fd (smart) provoz. Samotn\u00fd alkohol tester kontroluje spr\u00e1vnost m\u011b\u0159en\u00ed st\u0159\u00edzlivosti, vlastn\u00ed provoz a stav bateri\u00ed\u2026.<\/p>\n<p> <\/p>\n<p style=\"text-align: center;\"><b>Oprava<\/b><br \/>Na krabici dechov\u00e9ho analyz\u00e1toru GTX Smart byla omylem uveden\u00e1 zem\u011b p\u016fvodu Korea. GTX Smart se vyr\u00e1b\u00ed v \u010c\u00edn\u011b.<\/p>\n<p><a href=\"\/cz\/gtx-spectrum\/\" class=\"myButton\" style=\"float:right; width:50%; margin-top:3%;\"> V\u00edce informac\u00ed<\/a><\/div>\n<\/p><\/div>\n<\/div>\n<\/div>\n<div class=\"scrolldown\">\n<section id=\"section10\" class=\"demo\">\n<p>\t<a href=\"#thanks\"><span><\/span> <\/a><\/p>\n<p style=\"padding-top: 24%;\">zvitok<\/p>\n<\/section>\n<\/div><\/div>\n<\/div>\n<\/div>\n<\/div>\n","protected":false},"excerpt":{"rendered":"<p>GTX \u2013 Alkohol testery pro ka\u017ed\u00e9ho Dom\u00e9nou na\u0161ich za\u0159\u00edzen\u00ed je elektronika nejvy\u0161\u0161\u00ed t\u0159\u00eddy za dostupn\u00e9 ceny. Alkohol testery GTX [&hellip;]<\/p>\n","protected":false},"author":5,"featured_media":0,"parent":0,"menu_order":0,"comment_status":"closed","ping_status":"open","template":"template-fullwide.php","meta":[],"_links":{"self":[{"href":"https:\/\/gtxscan.com\/cz\/wp-json\/wp\/v2\/pages\/45"}],"collection":[{"href":"https:\/\/gtxscan.com\/cz\/wp-json\/wp\/v2\/pages"}],"about":[{"href":"https:\/\/gtxscan.com\/cz\/wp-json\/wp\/v2\/types\/page"}],"author":[{"embeddable":true,"href":"https:\/\/gtxscan.com\/cz\/wp-json\/wp\/v2\/users\/5"}],"replies":[{"embeddable":true,"href":"https:\/\/gtxscan.com\/cz\/wp-json\/wp\/v2\/comments?post=45"}],"version-history":[{"count":40,"href":"https:\/\/gtxscan.com\/cz\/wp-json\/wp\/v2\/pages\/45\/revisions"}],"predecessor-version":[{"id":750,"href":"https:\/\/gtxscan.com\/cz\/wp-json\/wp\/v2\/pages\/45\/revisions\/750"}],"wp:attachment":[{"href":"https:\/\/gtxscan.com\/cz\/wp-json\/wp\/v2\/media?parent=45"}],"curies":[{"name":"wp","href":"https:\/\/api.w.org\/{rel}","templated":true}]}}